{"id":426,"date":"2020-12-03T11:21:29","date_gmt":"2020-12-03T11:21:29","guid":{"rendered":"http:\/\/distribucionesjosecarlos.es\/?post_type=product&#038;p=426"},"modified":"2020-12-03T11:21:29","modified_gmt":"2020-12-03T11:21:29","slug":"cayena-molida-aji-molido-o-chile-molido","status":"publish","type":"product","link":"https:\/\/distribucionesjosecarlos.es\/?product=cayena-molida-aji-molido-o-chile-molido","title":{"rendered":"Cayena molida (aj\u00ed molido o chile molido)"},"content":{"rendered":"<p>La cayena o pimienta roja es un alimento originario de Am\u00e9rica del Sur, Central y M\u00e9xico, que se usa para sazonar alimentos. Se consume de manera habitual molida, una vez que se ha dejado secar, por lo que tambi\u00e9n se la conoce como aj\u00ed en polvo o chile en polvo.<br \/>\nEl uso de la cayena en la cocina es muy variado. A menudo se emplea en la preparaci\u00f3n de productos del mar, cangrejo, ostras, salm\u00f3n, vieras, y langostinos. Tambi\u00e9n se a\u00f1ade a los huevos para souffes o tortillas y a menudo en guisos y sopas espesas. En los platos de carne se espolvorea la cayena sobre el plato preparado. Va bien con queso y las salsas, asados, ahumados y en alimentos que se hacen a la parrilla.<\/p>\n","protected":false},"excerpt":{"rendered":"<p>Cayena molida<\/p>\n<p>Bote hosteler\u00eda peque\u00f1o 450 g.<\/p>\n<p> <a class=\"more-link\" href=\"https:\/\/distribucionesjosecarlos.es\/?product=cayena-molida-aji-molido-o-chile-molido\">Leer m\u00e1s<\/a><\/p>","protected":false},"featured_media":308,"comment_status":"open","ping_status":"closed","template":"","meta":[],"product_brand":[],"product_cat":[62],"product_tag":[93,63,91],"class_list":{"0":"post-426","1":"product","2":"type-product","3":"status-publish","4":"has-post-thumbnail","6":"product_cat-especias","7":"product_tag-cayena","8":"product_tag-especias","9":"product_tag-molida","11":"first","12":"instock","13":"shipping-taxable","14":"product-type-simple"},"jetpack_sharing_enabled":true,"_links":{"self":[{"href":"https:\/\/distribucionesjosecarlos.es\/index.php?rest_route=\/wp\/v2\/product\/426","targetHints":{"allow":["GET"]}}],"collection":[{"href":"https:\/\/distribucionesjosecarlos.es\/index.php?rest_route=\/wp\/v2\/product"}],"about":[{"href":"https:\/\/distribucionesjosecarlos.es\/index.php?rest_route=\/wp\/v2\/types\/product"}],"replies":[{"embeddable":true,"href":"https:\/\/distribucionesjosecarlos.es\/index.php?rest_route=%2Fwp%2Fv2%2Fcomments&post=426"}],"wp:featuredmedia":[{"embeddable":true,"href":"https:\/\/distribucionesjosecarlos.es\/index.php?rest_route=\/wp\/v2\/media\/308"}],"wp:attachment":[{"href":"https:\/\/distribucionesjosecarlos.es\/index.php?rest_route=%2Fwp%2Fv2%2Fmedia&parent=426"}],"wp:term":[{"taxonomy":"product_brand","embeddable":true,"href":"https:\/\/distribucionesjosecarlos.es\/index.php?rest_route=%2Fwp%2Fv2%2Fproduct_brand&post=426"},{"taxonomy":"product_cat","embeddable":true,"href":"https:\/\/distribucionesjosecarlos.es\/index.php?rest_route=%2Fwp%2Fv2%2Fproduct_cat&post=426"},{"taxonomy":"product_tag","embeddable":true,"href":"https:\/\/distribucionesjosecarlos.es\/index.php?rest_route=%2Fwp%2Fv2%2Fproduct_tag&post=426"}],"curies":[{"name":"wp","href":"https:\/\/api.w.org\/{rel}","templated":true}]}}