{"id":254,"date":"2019-11-15T12:28:45","date_gmt":"2019-11-15T12:28:45","guid":{"rendered":"http:\/\/distribucionesjosecarlos.es\/?product=import-placeholder-for-6002"},"modified":"2020-11-25T12:11:58","modified_gmt":"2020-11-25T12:11:58","slug":"carne-de-membrillo-artesana-4-k-2","status":"publish","type":"product","link":"https:\/\/distribucionesjosecarlos.es\/?product=carne-de-membrillo-artesana-4-k-2","title":{"rendered":"Carne de membrillo artesana 4 kg"},"content":{"rendered":"<p>El membrillo es una fruta arom\u00e1tica, de tonos amarillos dorados y formas irregulares. El membrillo es considerado un alimento esencial en la dieta mediterr\u00e1nea debido a sus beneficiosos contenidos nutritivos, tales como la pectina. El membrillo ha sido durante siglos la base para la elaboraci\u00f3n de uno de los m\u00e1s deliciosos productos que nos ofrece la gastronom\u00eda espa\u00f1ola, la carne de membrillo.<\/p>\n<div class=\"elementor-element elementor-element-5b36cb8 elementor-widget elementor-widget-text-editor\" data-id=\"5b36cb8\" data-element_type=\"widget\" data-widget_type=\"text-editor.default\">\n<div class=\"elementor-widget-container\">\n<div class=\"elementor-text-editor elementor-clearfix\">\n<p class=\"p1\"><span class=\"s1\"><b><i>No contiene Colesterol<\/i><\/b><\/span><span class=\"s2\">, por lo que es un alimento perfecto para aquellas personas que necesitan reducirlo. Diversos estudios confirman que la fibra soluble que la Carne de Membrillo contiene ayuda a reducir el nivel de colesterol en sangre.<\/span><\/p>\n<p class=\"p1\"><span class=\"s1\"><b><i>No contiene Gluten<\/i><\/b><\/span><span class=\"s2\">, lo que la convierte en un sano desayuno, postre o merienda para aquellas personas intolerantes al gluten.<\/span><\/p>\n<p class=\"p1\"><span class=\"s1\"><b><i>No contiene Grasas<\/i><\/b><\/span><span class=\"s2\"> ya que como es sabido, la Carne de Membrillo est\u00e1 elaborada con fruta y az\u00facar. Ninguno de estos dos ingredientes son grasas. La fruta aporta fibra natural y minerales, mientras que el az\u00facar nos aporta energ\u00eda para la vida diaria y alimento para nuestro cerebro.<\/span><\/p>\n<p class=\"p1\"><span class=\"s1\"><b><i>Es rica en Fibra Natural<\/i><\/b><\/span><span class=\"s2\"><b>,<\/b> lo que nos ayuda a mantener un buen funcionamiento de nuestro organismo. La cantidad de fibra que aporta el membrillo es muy superior a la de otras frutas, tales como el melocot\u00f3n, el albaricoque o las ciruelas<\/span><\/p>\n<\/div>\n<\/div>\n<\/div>\n","protected":false},"excerpt":{"rendered":"<p>Carne de membrillo artesana Hoxe<\/p>\n<p>Envase 4 kg<\/p>\n<p> <a class=\"more-link\" href=\"https:\/\/distribucionesjosecarlos.es\/?product=carne-de-membrillo-artesana-4-k-2\">Leer m\u00e1s<\/a><\/p>","protected":false},"featured_media":373,"comment_status":"closed","ping_status":"closed","template":"","meta":[],"product_brand":[],"product_cat":[39],"product_tag":[53,42,51,50,52],"class_list":{"0":"post-254","1":"product","2":"type-product","3":"status-publish","4":"has-post-thumbnail","6":"product_cat-otros","7":"product_tag-carne","8":"product_tag-conserva","9":"product_tag-dulce","10":"product_tag-membrillo","11":"product_tag-postre","13":"first","14":"instock","15":"sold-individually","16":"shipping-taxable","17":"product-type-simple"},"jetpack_sharing_enabled":true,"_links":{"self":[{"href":"https:\/\/distribucionesjosecarlos.es\/index.php?rest_route=\/wp\/v2\/product\/254","targetHints":{"allow":["GET"]}}],"collection":[{"href":"https:\/\/distribucionesjosecarlos.es\/index.php?rest_route=\/wp\/v2\/product"}],"about":[{"href":"https:\/\/distribucionesjosecarlos.es\/index.php?rest_route=\/wp\/v2\/types\/product"}],"replies":[{"embeddable":true,"href":"https:\/\/distribucionesjosecarlos.es\/index.php?rest_route=%2Fwp%2Fv2%2Fcomments&post=254"}],"wp:featuredmedia":[{"embeddable":true,"href":"https:\/\/distribucionesjosecarlos.es\/index.php?rest_route=\/wp\/v2\/media\/373"}],"wp:attachment":[{"href":"https:\/\/distribucionesjosecarlos.es\/index.php?rest_route=%2Fwp%2Fv2%2Fmedia&parent=254"}],"wp:term":[{"taxonomy":"product_brand","embeddable":true,"href":"https:\/\/distribucionesjosecarlos.es\/index.php?rest_route=%2Fwp%2Fv2%2Fproduct_brand&post=254"},{"taxonomy":"product_cat","embeddable":true,"href":"https:\/\/distribucionesjosecarlos.es\/index.php?rest_route=%2Fwp%2Fv2%2Fproduct_cat&post=254"},{"taxonomy":"product_tag","embeddable":true,"href":"https:\/\/distribucionesjosecarlos.es\/index.php?rest_route=%2Fwp%2Fv2%2Fproduct_tag&post=254"}],"curies":[{"name":"wp","href":"https:\/\/api.w.org\/{rel}","templated":true}]}}