{"id":247,"date":"2019-11-15T12:28:44","date_gmt":"2019-11-15T12:28:44","guid":{"rendered":"http:\/\/distribucionesjosecarlos.es\/?product=import-placeholder-for-5001"},"modified":"2020-11-25T11:21:33","modified_gmt":"2020-11-25T11:21:33","slug":"bacalao-hoja","status":"publish","type":"product","link":"https:\/\/distribucionesjosecarlos.es\/?product=bacalao-hoja","title":{"rendered":"Bacalao hoja"},"content":{"rendered":"<p>Beneficios de comer bacalao:<\/p>\n<p>1.PROTEGE AL CORAZ\u00d3N<br \/>\nLa poca grasa que contiene est\u00e1 constituida por \u00e1cidos grasos omega 3, los encargados de proteger la salud cardiovascular. Por este motivo, su consumo deber\u00eda hacerse un par de veces por semana. En el caso de sufrir de hipertensi\u00f3n arterial ser\u00e1 mejor decantarse por el bacalao fresco.<\/p>\n<p>2. ES BAJO EN GRASAS<br \/>\nConcretamente contiene en torno a un 0,5%, lo que le hace indispensable en cualquier dieta de adelgazamiento, ya que no engorda y aporta las prote\u00ednas necesarias al organismo. Adem\u00e1s, al tratarse de un pescado blanco es muy f\u00e1cil digerirlo.<\/p>\n<p>3. REGULA EL CORRECTO FUNCIONAMIENTO DE LAS C\u00c9LULAS<br \/>\nEl yodo que contiene se encarga de equilibrar nuestros niveles de energ\u00eda, fomenta el buen funcionamiento celular y ayuda a fortalecer a procesar los hidratos de carbono y a regular el colesterol junto con la vitamina B3.<\/p>\n<p>4. COMBATE EL ESTR\u00c9S Y LAS MIGRA\u00d1AS<br \/>\nEl \u00e1cido pantot\u00e9nico, tambi\u00e9n conocido como vitamina B5, hace que el bacalao contribuya a reducir los episodios de estr\u00e9s y los dolores de cabeza focalizados en una zona determinada; y fortalece el cabello, la piel y las u\u00f1as.<\/p>\n<p>5. FAVORECE UNA MAYOR RESISTENCIA F\u00cdSICA Y PS\u00cdQUICA<br \/>\nAl ser un pescado rico en f\u00f3sforo, mantiene la resistencia necesaria que requiere una jornada al mismo tiempo que contribuye a mejorar las funciones biol\u00f3gicas del cerebro. Este elemento, tambi\u00e9n ayuda a que nuestros huesos y dientes se mantengan fuertes y sanos.<\/p>\n","protected":false},"excerpt":{"rendered":"<p>Hoja de bacalao Dmares<\/p>\n<p> <a class=\"more-link\" href=\"https:\/\/distribucionesjosecarlos.es\/?product=bacalao-hoja\">Leer m\u00e1s<\/a><\/p>","protected":false},"featured_media":367,"comment_status":"closed","ping_status":"closed","template":"","meta":[],"product_brand":[],"product_cat":[38],"product_tag":[40,42,43,44],"class_list":{"0":"post-247","1":"product","2":"type-product","3":"status-publish","4":"has-post-thumbnail","6":"product_cat-bacalao-y-conservas","7":"product_tag-bacalao","8":"product_tag-conserva","9":"product_tag-pescado","10":"product_tag-salazon","12":"first","13":"instock","14":"sold-individually","15":"shipping-taxable","16":"product-type-simple"},"jetpack_sharing_enabled":true,"_links":{"self":[{"href":"https:\/\/distribucionesjosecarlos.es\/index.php?rest_route=\/wp\/v2\/product\/247","targetHints":{"allow":["GET"]}}],"collection":[{"href":"https:\/\/distribucionesjosecarlos.es\/index.php?rest_route=\/wp\/v2\/product"}],"about":[{"href":"https:\/\/distribucionesjosecarlos.es\/index.php?rest_route=\/wp\/v2\/types\/product"}],"replies":[{"embeddable":true,"href":"https:\/\/distribucionesjosecarlos.es\/index.php?rest_route=%2Fwp%2Fv2%2Fcomments&post=247"}],"wp:featuredmedia":[{"embeddable":true,"href":"https:\/\/distribucionesjosecarlos.es\/index.php?rest_route=\/wp\/v2\/media\/367"}],"wp:attachment":[{"href":"https:\/\/distribucionesjosecarlos.es\/index.php?rest_route=%2Fwp%2Fv2%2Fmedia&parent=247"}],"wp:term":[{"taxonomy":"product_brand","embeddable":true,"href":"https:\/\/distribucionesjosecarlos.es\/index.php?rest_route=%2Fwp%2Fv2%2Fproduct_brand&post=247"},{"taxonomy":"product_cat","embeddable":true,"href":"https:\/\/distribucionesjosecarlos.es\/index.php?rest_route=%2Fwp%2Fv2%2Fproduct_cat&post=247"},{"taxonomy":"product_tag","embeddable":true,"href":"https:\/\/distribucionesjosecarlos.es\/index.php?rest_route=%2Fwp%2Fv2%2Fproduct_tag&post=247"}],"curies":[{"name":"wp","href":"https:\/\/api.w.org\/{rel}","templated":true}]}}