{"id":204,"date":"2019-11-15T12:28:36","date_gmt":"2019-11-15T12:28:36","guid":{"rendered":"http:\/\/distribucionesjosecarlos.es\/?product=import-placeholder-for-3013"},"modified":"2020-12-03T11:41:30","modified_gmt":"2020-12-03T11:41:30","slug":"chia","status":"publish","type":"product","link":"https:\/\/distribucionesjosecarlos.es\/?product=chia","title":{"rendered":"Ch\u00eda"},"content":{"rendered":"<p>La ch\u00eda proviene de Centroam\u00e9rica, principalmente de Nicaragua, Guatemala y M\u00e9xico.<\/p>\n<p>Las semillas de ch\u00eda aportan una gran cantidad de \u00e1cidos grasos Omega 3 y oligoelementos como el manganeso, el magnesio, el cobre y el zinc, convirti\u00e9ndola en un estupendo combustible para las articulaciones y los huesos. El potasio, las prote\u00ednas, el hierro y los antioxidantes tambi\u00e9n son otras propiedades que nos ofrece este producto. Por ello se recomienda para personas vegetarianas, veganas y deportistas que buscan un suplemento para incluir en su dieta de forma vers\u00e1til y sencilla. Adem\u00e1s\u00a0no contiene gluten y es una\u00a0potente fuente de fibra, hecho que facilita las cosas a los intolerantes a esta sustancia y a aquellas personas con estre\u00f1imiento.<\/p>\n<p>La ch\u00eda es ideal tanto para dulce como para salado. Para a\u00f1adir a batidos, a ensaladas, a sopas o infusiones, e incluso incluirla en la elaboraci\u00f3n de postres\u00a0fr\u00edos o calientes.\u00a0En cuanto a su textura, al entrar en contacto con l\u00edquidos, la ch\u00eda adopta un aspecto gelatinoso debido al muc\u00edlago presente en su composici\u00f3n. De este forma, las elaboraciones se espesar\u00e1n y ayudar\u00e1n a saciar el est\u00f3mago sin dar problemas en la digesti\u00f3n<\/p>\n<p>&nbsp;<\/p>\n","protected":false},"excerpt":{"rendered":"<p>Semillas de ch\u00eda<\/p>\n<p>Bote hosteler\u00eda 1 kg.<\/p>\n<p> <a class=\"more-link\" href=\"https:\/\/distribucionesjosecarlos.es\/?product=chia\">Leer m\u00e1s<\/a><\/p>","protected":false},"featured_media":311,"comment_status":"closed","ping_status":"closed","template":"","meta":[],"product_brand":[],"product_cat":[62],"product_tag":[94,63],"class_list":{"0":"post-204","1":"product","2":"type-product","3":"status-publish","4":"has-post-thumbnail","6":"product_cat-especias","7":"product_tag-chia","8":"product_tag-especias","10":"first","11":"instock","12":"sold-individually","13":"shipping-taxable","14":"product-type-simple"},"jetpack_sharing_enabled":true,"_links":{"self":[{"href":"https:\/\/distribucionesjosecarlos.es\/index.php?rest_route=\/wp\/v2\/product\/204","targetHints":{"allow":["GET"]}}],"collection":[{"href":"https:\/\/distribucionesjosecarlos.es\/index.php?rest_route=\/wp\/v2\/product"}],"about":[{"href":"https:\/\/distribucionesjosecarlos.es\/index.php?rest_route=\/wp\/v2\/types\/product"}],"replies":[{"embeddable":true,"href":"https:\/\/distribucionesjosecarlos.es\/index.php?rest_route=%2Fwp%2Fv2%2Fcomments&post=204"}],"wp:featuredmedia":[{"embeddable":true,"href":"https:\/\/distribucionesjosecarlos.es\/index.php?rest_route=\/wp\/v2\/media\/311"}],"wp:attachment":[{"href":"https:\/\/distribucionesjosecarlos.es\/index.php?rest_route=%2Fwp%2Fv2%2Fmedia&parent=204"}],"wp:term":[{"taxonomy":"product_brand","embeddable":true,"href":"https:\/\/distribucionesjosecarlos.es\/index.php?rest_route=%2Fwp%2Fv2%2Fproduct_brand&post=204"},{"taxonomy":"product_cat","embeddable":true,"href":"https:\/\/distribucionesjosecarlos.es\/index.php?rest_route=%2Fwp%2Fv2%2Fproduct_cat&post=204"},{"taxonomy":"product_tag","embeddable":true,"href":"https:\/\/distribucionesjosecarlos.es\/index.php?rest_route=%2Fwp%2Fv2%2Fproduct_tag&post=204"}],"curies":[{"name":"wp","href":"https:\/\/api.w.org\/{rel}","templated":true}]}}