{"id":202,"date":"2019-11-15T12:28:31","date_gmt":"2019-11-15T12:28:31","guid":{"rendered":"http:\/\/distribucionesjosecarlos.es\/?product=import-placeholder-for-3011"},"modified":"2020-12-03T11:33:11","modified_gmt":"2020-12-03T11:33:11","slug":"cayena-rama-ojo-de-pajaro","status":"publish","type":"product","link":"https:\/\/distribucionesjosecarlos.es\/?product=cayena-rama-ojo-de-pajaro","title":{"rendered":"Cayena rama ojo de p\u00e1jaro"},"content":{"rendered":"<p>La cayena \u00abojo de p\u00e1jaro\u00bb (Capsicum frutescens) es la variedad de pimiento o aj\u00ed m\u00e1s picante.<br \/>\nDebido a su poder picante, la cayena ojo de p\u00e1jaro es un excelente potenciador del sabor, aunque debe a\u00f1adirse en peque\u00f1as cantidades.<\/p>\n","protected":false},"excerpt":{"rendered":"<p>Cayena ojo de p\u00e1jaro<\/p>\n<p>Bote hosteler\u00eda 300 g.<\/p>\n<p> <a class=\"more-link\" href=\"https:\/\/distribucionesjosecarlos.es\/?product=cayena-rama-ojo-de-pajaro\">Leer m\u00e1s<\/a><\/p>","protected":false},"featured_media":309,"comment_status":"closed","ping_status":"closed","template":"","meta":[],"product_brand":[],"product_cat":[62],"product_tag":[93,63,89],"class_list":{"0":"post-202","1":"product","2":"type-product","3":"status-publish","4":"has-post-thumbnail","6":"product_cat-especias","7":"product_tag-cayena","8":"product_tag-especias","9":"product_tag-rama","11":"first","12":"instock","13":"sold-individually","14":"shipping-taxable","15":"product-type-simple"},"jetpack_sharing_enabled":true,"_links":{"self":[{"href":"https:\/\/distribucionesjosecarlos.es\/index.php?rest_route=\/wp\/v2\/product\/202","targetHints":{"allow":["GET"]}}],"collection":[{"href":"https:\/\/distribucionesjosecarlos.es\/index.php?rest_route=\/wp\/v2\/product"}],"about":[{"href":"https:\/\/distribucionesjosecarlos.es\/index.php?rest_route=\/wp\/v2\/types\/product"}],"replies":[{"embeddable":true,"href":"https:\/\/distribucionesjosecarlos.es\/index.php?rest_route=%2Fwp%2Fv2%2Fcomments&post=202"}],"wp:featuredmedia":[{"embeddable":true,"href":"https:\/\/distribucionesjosecarlos.es\/index.php?rest_route=\/wp\/v2\/media\/309"}],"wp:attachment":[{"href":"https:\/\/distribucionesjosecarlos.es\/index.php?rest_route=%2Fwp%2Fv2%2Fmedia&parent=202"}],"wp:term":[{"taxonomy":"product_brand","embeddable":true,"href":"https:\/\/distribucionesjosecarlos.es\/index.php?rest_route=%2Fwp%2Fv2%2Fproduct_brand&post=202"},{"taxonomy":"product_cat","embeddable":true,"href":"https:\/\/distribucionesjosecarlos.es\/index.php?rest_route=%2Fwp%2Fv2%2Fproduct_cat&post=202"},{"taxonomy":"product_tag","embeddable":true,"href":"https:\/\/distribucionesjosecarlos.es\/index.php?rest_route=%2Fwp%2Fv2%2Fproduct_tag&post=202"}],"curies":[{"name":"wp","href":"https:\/\/api.w.org\/{rel}","templated":true}]}}