{"id":195,"date":"2019-11-15T12:28:31","date_gmt":"2019-11-15T12:28:31","guid":{"rendered":"http:\/\/distribucionesjosecarlos.es\/?product=import-placeholder-for-3004"},"modified":"2020-12-04T19:46:31","modified_gmt":"2020-12-04T18:46:31","slug":"azafran-en-hebra-1-g","status":"publish","type":"product","link":"https:\/\/distribucionesjosecarlos.es\/?product=azafran-en-hebra-1-g","title":{"rendered":"Azafr\u00e1n en hebra 1 g"},"content":{"rendered":"<p>El azafr\u00e1n es una especia muy utilizada en la cocina para dar color y sabor a platos como la paella. Pero este condimento, que se extrae concretamente de los estigmas de la flor de la planta del azafr\u00e1n (<em>Crocus sativus<\/em>), contiene muchos compuestos con propiedades medicinales.<\/p>\n<p>Al utilizar el azafr\u00e1n como especia en la comida aprovechamos muchas de sus ventajas. Sus componentes amargos aumentan las secreciones salivales y g\u00e1stricas y es un excelente remedio para digestiones lentas. Adem\u00e1s, evita los problemas de estre\u00f1imiento.<\/p>\n<p>Ayuda a la reproducci\u00f3n del l\u00edquido biliar, evitando tambi\u00e9n la formaci\u00f3n de c\u00e1lculos biliares que pueden ocasionar fuertes dolores. Asimismo, facilita que nuestro h\u00edgado se mantenga sano y libre de grasa o de cualquier otra enfermedad hep\u00e1tica.<\/p>\n<p>Por otro lado, el azafr\u00e1n es un excelente antioxidante. Ayuda a eliminar los radicales libres que causan el envejecimiento de nuestras c\u00e9lulas mejorando la actividad f\u00edsica y mental, haci\u00e9ndonos sentir gran vitalidad. Tambi\u00e9n mejora la visi\u00f3n y mantiene nuestro sistema nervioso activo cada d\u00eda.<\/p>\n","protected":false},"excerpt":{"rendered":"<p>Azafr\u00e1n en hebra<\/p>\n<p>Caja 1 g<\/p>\n<p> <a class=\"more-link\" href=\"https:\/\/distribucionesjosecarlos.es\/?product=azafran-en-hebra-1-g\">Leer m\u00e1s<\/a><\/p>","protected":false},"featured_media":307,"comment_status":"closed","ping_status":"closed","template":"","meta":[],"product_brand":[],"product_cat":[62],"product_tag":[67,63,68],"class_list":{"0":"post-195","1":"product","2":"type-product","3":"status-publish","4":"has-post-thumbnail","6":"product_cat-especias","7":"product_tag-azafran","8":"product_tag-especias","9":"product_tag-hebra","11":"first","12":"instock","13":"sold-individually","14":"shipping-taxable","15":"product-type-simple"},"jetpack_sharing_enabled":true,"_links":{"self":[{"href":"https:\/\/distribucionesjosecarlos.es\/index.php?rest_route=\/wp\/v2\/product\/195","targetHints":{"allow":["GET"]}}],"collection":[{"href":"https:\/\/distribucionesjosecarlos.es\/index.php?rest_route=\/wp\/v2\/product"}],"about":[{"href":"https:\/\/distribucionesjosecarlos.es\/index.php?rest_route=\/wp\/v2\/types\/product"}],"replies":[{"embeddable":true,"href":"https:\/\/distribucionesjosecarlos.es\/index.php?rest_route=%2Fwp%2Fv2%2Fcomments&post=195"}],"wp:featuredmedia":[{"embeddable":true,"href":"https:\/\/distribucionesjosecarlos.es\/index.php?rest_route=\/wp\/v2\/media\/307"}],"wp:attachment":[{"href":"https:\/\/distribucionesjosecarlos.es\/index.php?rest_route=%2Fwp%2Fv2%2Fmedia&parent=195"}],"wp:term":[{"taxonomy":"product_brand","embeddable":true,"href":"https:\/\/distribucionesjosecarlos.es\/index.php?rest_route=%2Fwp%2Fv2%2Fproduct_brand&post=195"},{"taxonomy":"product_cat","embeddable":true,"href":"https:\/\/distribucionesjosecarlos.es\/index.php?rest_route=%2Fwp%2Fv2%2Fproduct_cat&post=195"},{"taxonomy":"product_tag","embeddable":true,"href":"https:\/\/distribucionesjosecarlos.es\/index.php?rest_route=%2Fwp%2Fv2%2Fproduct_tag&post=195"}],"curies":[{"name":"wp","href":"https:\/\/api.w.org\/{rel}","templated":true}]}}