{"id":190,"date":"2019-11-15T12:28:31","date_gmt":"2019-11-15T12:28:31","guid":{"rendered":"http:\/\/distribucionesjosecarlos.es\/?product=import-placeholder-for-2013"},"modified":"2021-01-20T20:02:13","modified_gmt":"2021-01-20T19:02:13","slug":"bolsa-1-k-pimenton-picante-poner-5-k","status":"publish","type":"product","link":"https:\/\/distribucionesjosecarlos.es\/?product=bolsa-1-k-pimenton-picante-poner-5-k","title":{"rendered":"Piment\u00f3n picante El \u00c1guila Bolsa 1 kg"},"content":{"rendered":"<p>Piment\u00f3n picante calidad extra<\/p>\n","protected":false},"excerpt":{"rendered":"<p>Piment\u00f3n picante El \u00c1guila<\/p>\n<p>Bolsa 1 kg.<\/p>\n<p>Origen Espa\u00f1a<\/p>\n<p>Sin gluten<\/p>\n<p> <a class=\"more-link\" href=\"https:\/\/distribucionesjosecarlos.es\/?product=bolsa-1-k-pimenton-picante-poner-5-k\">Leer m\u00e1s<\/a><\/p>","protected":false},"featured_media":517,"comment_status":"closed","ping_status":"closed","template":"","meta":[],"product_brand":[],"product_cat":[36],"product_tag":[85,86,84],"class_list":{"0":"post-190","1":"product","2":"type-product","3":"status-publish","4":"has-post-thumbnail","6":"product_cat-pimenton","7":"product_tag-matanza","8":"product_tag-picante","9":"product_tag-pimenton","11":"first","12":"instock","13":"sold-individually","14":"shipping-taxable","15":"product-type-simple"},"jetpack_sharing_enabled":true,"_links":{"self":[{"href":"https:\/\/distribucionesjosecarlos.es\/index.php?rest_route=\/wp\/v2\/product\/190","targetHints":{"allow":["GET"]}}],"collection":[{"href":"https:\/\/distribucionesjosecarlos.es\/index.php?rest_route=\/wp\/v2\/product"}],"about":[{"href":"https:\/\/distribucionesjosecarlos.es\/index.php?rest_route=\/wp\/v2\/types\/product"}],"replies":[{"embeddable":true,"href":"https:\/\/distribucionesjosecarlos.es\/index.php?rest_route=%2Fwp%2Fv2%2Fcomments&post=190"}],"wp:featuredmedia":[{"embeddable":true,"href":"https:\/\/distribucionesjosecarlos.es\/index.php?rest_route=\/wp\/v2\/media\/517"}],"wp:attachment":[{"href":"https:\/\/distribucionesjosecarlos.es\/index.php?rest_route=%2Fwp%2Fv2%2Fmedia&parent=190"}],"wp:term":[{"taxonomy":"product_brand","embeddable":true,"href":"https:\/\/distribucionesjosecarlos.es\/index.php?rest_route=%2Fwp%2Fv2%2Fproduct_brand&post=190"},{"taxonomy":"product_cat","embeddable":true,"href":"https:\/\/distribucionesjosecarlos.es\/index.php?rest_route=%2Fwp%2Fv2%2Fproduct_cat&post=190"},{"taxonomy":"product_tag","embeddable":true,"href":"https:\/\/distribucionesjosecarlos.es\/index.php?rest_route=%2Fwp%2Fv2%2Fproduct_tag&post=190"}],"curies":[{"name":"wp","href":"https:\/\/api.w.org\/{rel}","templated":true}]}}