{"id":183,"date":"2019-11-15T12:28:31","date_gmt":"2019-11-15T12:28:31","guid":{"rendered":"http:\/\/distribucionesjosecarlos.es\/?product=import-placeholder-for-2006"},"modified":"2020-11-29T13:07:37","modified_gmt":"2020-11-29T13:07:37","slug":"bolsa-1-k-aguila-especial-pimenton-extra","status":"publish","type":"product","link":"https:\/\/distribucionesjosecarlos.es\/?product=bolsa-1-k-aguila-especial-pimenton-extra","title":{"rendered":"Piment\u00f3n Extra El \u00c1guila Bolsa 1 kg"},"content":{"rendered":"<p>Piment\u00f3n dulce de calidad extra, desvinzado.<\/p>\n<p>El piment\u00f3n dulce es el piment\u00f3n que tiene un sabor m\u00e1s parecido al pimiento rojo.<\/p>\n<div>Se usa en cocina para la elaboraci\u00f3n de paellas, preparaci\u00f3n de salsas, sofritos, estofados\u2026 Da m\u00e1s aroma que sabor al resto de alimentos con los que se le cocina.<\/div>\n<div>El m\u00e1s conocido es el piment\u00f3n de Murcia.<\/div>\n","protected":false},"excerpt":{"rendered":"<p>Piment\u00f3n dulce<\/p>\n<p>Bolsa 1 kg.<\/p>\n<p>Origen Espa\u00f1a<\/p>\n<p>Sin gluten<\/p>\n<p> <a class=\"more-link\" href=\"https:\/\/distribucionesjosecarlos.es\/?product=bolsa-1-k-aguila-especial-pimenton-extra\">Leer m\u00e1s<\/a><\/p>","protected":false},"featured_media":295,"comment_status":"closed","ping_status":"closed","template":"","meta":[],"product_brand":[],"product_cat":[36],"product_tag":[51,63,85,84],"class_list":{"0":"post-183","1":"product","2":"type-product","3":"status-publish","4":"has-post-thumbnail","6":"product_cat-pimenton","7":"product_tag-dulce","8":"product_tag-especias","9":"product_tag-matanza","10":"product_tag-pimenton","12":"first","13":"instock","14":"sold-individually","15":"shipping-taxable","16":"product-type-simple"},"jetpack_sharing_enabled":true,"_links":{"self":[{"href":"https:\/\/distribucionesjosecarlos.es\/index.php?rest_route=\/wp\/v2\/product\/183","targetHints":{"allow":["GET"]}}],"collection":[{"href":"https:\/\/distribucionesjosecarlos.es\/index.php?rest_route=\/wp\/v2\/product"}],"about":[{"href":"https:\/\/distribucionesjosecarlos.es\/index.php?rest_route=\/wp\/v2\/types\/product"}],"replies":[{"embeddable":true,"href":"https:\/\/distribucionesjosecarlos.es\/index.php?rest_route=%2Fwp%2Fv2%2Fcomments&post=183"}],"wp:featuredmedia":[{"embeddable":true,"href":"https:\/\/distribucionesjosecarlos.es\/index.php?rest_route=\/wp\/v2\/media\/295"}],"wp:attachment":[{"href":"https:\/\/distribucionesjosecarlos.es\/index.php?rest_route=%2Fwp%2Fv2%2Fmedia&parent=183"}],"wp:term":[{"taxonomy":"product_brand","embeddable":true,"href":"https:\/\/distribucionesjosecarlos.es\/index.php?rest_route=%2Fwp%2Fv2%2Fproduct_brand&post=183"},{"taxonomy":"product_cat","embeddable":true,"href":"https:\/\/distribucionesjosecarlos.es\/index.php?rest_route=%2Fwp%2Fv2%2Fproduct_cat&post=183"},{"taxonomy":"product_tag","embeddable":true,"href":"https:\/\/distribucionesjosecarlos.es\/index.php?rest_route=%2Fwp%2Fv2%2Fproduct_tag&post=183"}],"curies":[{"name":"wp","href":"https:\/\/api.w.org\/{rel}","templated":true}]}}