{"id":180,"date":"2019-11-15T12:28:31","date_gmt":"2019-11-15T12:28:31","guid":{"rendered":"http:\/\/distribucionesjosecarlos.es\/?product=import-placeholder-for-2003"},"modified":"2021-02-24T18:52:20","modified_gmt":"2021-02-24T17:52:20","slug":"bolsa-100-g-aguila-especial-pimenton-extra","status":"publish","type":"product","link":"https:\/\/distribucionesjosecarlos.es\/?product=bolsa-100-g-aguila-especial-pimenton-extra","title":{"rendered":"Piment\u00f3n Extra el \u00c1guila Bolsa 100 g"},"content":{"rendered":"<p>El piment\u00f3n dulce es el piment\u00f3n que tiene un sabor m\u00e1s parecido al pimiento rojo.<\/p>\n<p>Se usa en cocina para la elaboraci\u00f3n de paellas, preparaci\u00f3n de salsas, sofritos, estofados\u2026 Da m\u00e1s aroma que sabor al resto de alimentos con los que se le cocina.<br \/>\nEl m\u00e1s conocido es el piment\u00f3n de Murcia.<\/p>\n","protected":false},"excerpt":{"rendered":"<p>Piment\u00f3n dulce el \u00c1guila<\/p>\n<p>Bolsa 100 g.<\/p>\n<p>Origen Espa\u00f1a<\/p>\n<p>Sin gluten<\/p>\n<p> <a class=\"more-link\" href=\"https:\/\/distribucionesjosecarlos.es\/?product=bolsa-100-g-aguila-especial-pimenton-extra\">Leer m\u00e1s<\/a><\/p>","protected":false},"featured_media":612,"comment_status":"closed","ping_status":"closed","template":"","meta":[],"product_brand":[],"product_cat":[36],"product_tag":[51,85,84],"class_list":{"0":"post-180","1":"product","2":"type-product","3":"status-publish","4":"has-post-thumbnail","6":"product_cat-pimenton","7":"product_tag-dulce","8":"product_tag-matanza","9":"product_tag-pimenton","11":"first","12":"instock","13":"sold-individually","14":"shipping-taxable","15":"product-type-simple"},"jetpack_sharing_enabled":true,"_links":{"self":[{"href":"https:\/\/distribucionesjosecarlos.es\/index.php?rest_route=\/wp\/v2\/product\/180","targetHints":{"allow":["GET"]}}],"collection":[{"href":"https:\/\/distribucionesjosecarlos.es\/index.php?rest_route=\/wp\/v2\/product"}],"about":[{"href":"https:\/\/distribucionesjosecarlos.es\/index.php?rest_route=\/wp\/v2\/types\/product"}],"replies":[{"embeddable":true,"href":"https:\/\/distribucionesjosecarlos.es\/index.php?rest_route=%2Fwp%2Fv2%2Fcomments&post=180"}],"wp:featuredmedia":[{"embeddable":true,"href":"https:\/\/distribucionesjosecarlos.es\/index.php?rest_route=\/wp\/v2\/media\/612"}],"wp:attachment":[{"href":"https:\/\/distribucionesjosecarlos.es\/index.php?rest_route=%2Fwp%2Fv2%2Fmedia&parent=180"}],"wp:term":[{"taxonomy":"product_brand","embeddable":true,"href":"https:\/\/distribucionesjosecarlos.es\/index.php?rest_route=%2Fwp%2Fv2%2Fproduct_brand&post=180"},{"taxonomy":"product_cat","embeddable":true,"href":"https:\/\/distribucionesjosecarlos.es\/index.php?rest_route=%2Fwp%2Fv2%2Fproduct_cat&post=180"},{"taxonomy":"product_tag","embeddable":true,"href":"https:\/\/distribucionesjosecarlos.es\/index.php?rest_route=%2Fwp%2Fv2%2Fproduct_tag&post=180"}],"curies":[{"name":"wp","href":"https:\/\/api.w.org\/{rel}","templated":true}]}}