{"id":150,"date":"2019-11-15T12:28:24","date_gmt":"2019-11-15T12:28:24","guid":{"rendered":"http:\/\/distribucionesjosecarlos.es\/?product=import-placeholder-for-1008"},"modified":"2021-01-26T20:19:01","modified_gmt":"2021-01-26T19:19:01","slug":"queso-barra-hoxe","status":"publish","type":"product","link":"https:\/\/distribucionesjosecarlos.es\/?product=queso-barra-hoxe","title":{"rendered":"Queso barra Hoxe"},"content":{"rendered":"<p>Queso de pasta prensada, de color blanco amarillo, textura firme y el\u00e1stica. Sabor suave a leche de vaca y ligeramente dulce. Tiempo de maduraci\u00f3n a partir de 12 d\u00edas.<\/p>\n<p>Ideal para bocadillos y pizzas porque funde muy bien.<\/p>\n","protected":false},"excerpt":{"rendered":"<p>Queso barra Hoxe<\/p>\n<p>Pieza 3 kg<\/p>\n<p> <a class=\"more-link\" href=\"https:\/\/distribucionesjosecarlos.es\/?product=queso-barra-hoxe\">Leer m\u00e1s<\/a><\/p>","protected":false},"featured_media":275,"comment_status":"closed","ping_status":"closed","template":"","meta":[],"product_brand":[],"product_cat":[17,185],"product_tag":[146,142,58],"class_list":{"0":"post-150","1":"product","2":"type-product","3":"status-publish","4":"has-post-thumbnail","6":"product_cat-hoxe","7":"product_cat-quesos","8":"product_tag-barra","9":"product_tag-hoxe","10":"product_tag-queso","12":"first","13":"instock","14":"sold-individually","15":"shipping-taxable","16":"product-type-simple"},"jetpack_sharing_enabled":true,"_links":{"self":[{"href":"https:\/\/distribucionesjosecarlos.es\/index.php?rest_route=\/wp\/v2\/product\/150","targetHints":{"allow":["GET"]}}],"collection":[{"href":"https:\/\/distribucionesjosecarlos.es\/index.php?rest_route=\/wp\/v2\/product"}],"about":[{"href":"https:\/\/distribucionesjosecarlos.es\/index.php?rest_route=\/wp\/v2\/types\/product"}],"replies":[{"embeddable":true,"href":"https:\/\/distribucionesjosecarlos.es\/index.php?rest_route=%2Fwp%2Fv2%2Fcomments&post=150"}],"wp:featuredmedia":[{"embeddable":true,"href":"https:\/\/distribucionesjosecarlos.es\/index.php?rest_route=\/wp\/v2\/media\/275"}],"wp:attachment":[{"href":"https:\/\/distribucionesjosecarlos.es\/index.php?rest_route=%2Fwp%2Fv2%2Fmedia&parent=150"}],"wp:term":[{"taxonomy":"product_brand","embeddable":true,"href":"https:\/\/distribucionesjosecarlos.es\/index.php?rest_route=%2Fwp%2Fv2%2Fproduct_brand&post=150"},{"taxonomy":"product_cat","embeddable":true,"href":"https:\/\/distribucionesjosecarlos.es\/index.php?rest_route=%2Fwp%2Fv2%2Fproduct_cat&post=150"},{"taxonomy":"product_tag","embeddable":true,"href":"https:\/\/distribucionesjosecarlos.es\/index.php?rest_route=%2Fwp%2Fv2%2Fproduct_tag&post=150"}],"curies":[{"name":"wp","href":"https:\/\/api.w.org\/{rel}","templated":true}]}}